{"id":150,"date":"2025-08-12T12:11:55","date_gmt":"2025-08-12T12:11:55","guid":{"rendered":"https:\/\/limopartner.rs\/?page_id=150"},"modified":"2025-08-31T18:37:01","modified_gmt":"2025-08-31T18:37:01","slug":"about-us","status":"publish","type":"page","link":"https:\/\/limopartner.rs\/sr\/about-us\/","title":{"rendered":"O nama"},"content":{"rendered":"<section class=\"bde-section-150-100 bde-section\">\n  \n  \n\t\n\n\n\n<div class=\"section-container\"><div class=\"bde-div-150-101 bde-div\">\n  \n  \n\t\n\n\n\n<h1 class=\"bde-heading-150-102 bde-heading\" data-entrance=\"slideUp\">\nTu smo za vas\n<\/h1><div class=\"bde-div-150-172 bde-div\" data-entrance=\"slideUp\">\n  \n  \n\t\n\n\n\n<div class=\"bde-div-150-173 bde-div\">\n  \n  \n\t\n\n\n\n\n<\/div><div class=\"bde-text-150-174 bde-text\">\nLimo Partner\n<\/div><div class=\"bde-div-150-175 bde-div\">\n  \n  \n\t\n\n\n\n\n<\/div>\n<\/div>\n<\/div><\/div>\n<\/section><section class=\"bde-section-150-108 bde-section\">\n  \n  \n\t\n\n\n\n<div class=\"section-container\"><div class=\"bde-columns-150-109 bde-columns\"><div class=\"bde-column-150-110 bde-column\">\n  \n  \n\t\n\n\n\n<div class=\"bde-div-150-111 bde-div\">\n  \n  \n\t\n\n\n\n<h1 class=\"bde-dual-heading-150-112 bde-dual-heading\" data-entrance=\"slideUp\">\n\n\n            <span data-style=\"secondary\" class=\"dual-heading--secondary\">Limo Partner<\/span>\n\n            <span data-style=\"primary\" class=\"dual-heading--primary\">vama na usluzi<\/span>\n\n\n\n<\/h1>\n<\/div><div class=\"bde-div-150-113 bde-div\">\n  \n  \n\t\n\n\n\n<div class=\"bde-text-150-114 bde-text\" data-entrance=\"slideUp\">\nOsnovani smo u Beogradu, glavnom gradu Republike Srbije 2.000 godine od strane tima profesionalnih \u0161ofera koji su delili jedan osnovni ideal, profesionalnu uslugu korisnicima. Limo Partner je licencirana transportna kompanija. Na\u0161a vozila su vi\u0161e poslovne klase starosti do 5 godina. Trenutno imamo vozni park koji se sastoji od vozila Audi A6, \u0160koda Superb i \u0160koda Kodiak. Svi na\u0161i \u0161oferi su iskusni, dobro obu\u010deni, te\u010dno govore engleski sa dobrim profesionalnim manirima i ljubazni. Verujemo da su svi ovi kvaliteti voza\u010da podjednako va\u017eni kao i pouzdanost i udobnost vozila.\n<\/div>\n<\/div><div class=\"bde-button-150-115 bde-button\" data-entrance=\"zoomOut\">\n    \n                                    \n    \n    \n    \n    \n            \n                    \n            \n            \n\n    \n    \n    \n    \n    \n    <a class=\"breakdance-link button-atom button-atom--primary bde-button__button\" href=\"https:\/\/limopartner.rs\/sr\/contact\/\" target=\"_self\" data-type=\"url\"  >\n\n    \n        <span class=\"button-atom__text\">Rezervi\u0161ite vozilo<\/span>\n\n        \n        \n                <\/a>\n\n    \n\n\n<\/div>\n<\/div><div class=\"bde-column-150-117 bde-column\">\n  \n  \n\t\n\n\n\n<img decoding=\"async\" class=\"bde-image2-150-132 bde-image2\" src=\"https:\/\/limopartner.rs\/wp-content\/uploads\/2025\/08\/Frame-43074.png\" loading=\"lazy\" srcset=\"https:\/\/limopartner.rs\/wp-content\/uploads\/2025\/08\/Frame-43074.png 738w, https:\/\/limopartner.rs\/wp-content\/uploads\/2025\/08\/Frame-43074-300x248.png 300w\" sizes=\"(max-width: 738px) 100vw, 738px\" data-entrance=\"slideRight\">\n<\/div><\/div><\/div>\n<\/section><section class=\"bde-section-150-133 bde-section\">\n              \n  \n  \n\t\n\n  <div class=\"section-background-overlay\"><\/div>\n\n\n<div class=\"section-container\"><div class=\"bde-columns-150-134 bde-columns\"><div class=\"bde-column-150-139 bde-column\">\n  \n  \n\t\n\n\n\n<div class=\"bde-div-150-144 bde-div\">\n  \n  \n\t\n\n\n\n<div class=\"bde-div-150-145 bde-div\" data-entrance=\"slideUp\">\n              \n  \n  \n\t\n\n  <div class=\"section-background-overlay\"><\/div>\n\n\n<div class=\"bde-code-block-150-146 bde-code-block\">\n\n  <svg width=\"58\" height=\"58\" viewbox=\"0 0 58 58\" fill=\"none\" xmlns=\"http:\/\/www.w3.org\/2000\/svg\">\n<path d=\"M27.4502 3.76391C47.4964 2.51026 61.0766 24.1772 51.0096 41.6814C41.9245 57.4789 19.4782 58.7854 8.66057 44.0799C-3.20979 27.9427 7.56401 5.00849 27.4502 3.76391ZM46.2412 23.6289C43.4802 14.3398 33.6957 9.10021 24.3085 11.5879C18.4949 13.1285 13.5015 17.8244 11.8717 23.6289H17.6944C18.9964 22.0566 19.8694 20.3135 22.135 20.0432C26.5107 20.2169 31.2247 19.7048 35.5626 20.0069C38.1348 20.1867 38.9746 21.8285 40.4186 23.6304H46.2412V23.6289ZM28.3534 25.4701C21.5565 26.2888 22.4431 36.7741 29.4515 36.2907C36.4598 35.8074 35.7242 24.582 28.3534 25.4701ZM24.5335 46.5812C24.7722 39.2315 18.7562 32.8681 11.4186 32.6748C12.5801 39.3901 17.9859 44.8774 24.5335 46.5812ZM46.6944 32.6748C39.3613 32.8711 33.3362 39.2285 33.5794 46.5812C40.1331 44.9016 45.5253 39.378 46.6944 32.6748Z\" fill=\"#D7B65D\"\/>\n<path d=\"M28.464 27.2765C33.4589 26.5621 34.1567 34.0477 29.4382 34.4676C24.6487 34.8951 24.0536 27.9064 28.464 27.2765Z\" fill=\"#D7B65D\"\/>\n<\/svg>\n\n\n\n<\/div><h3 class=\"bde-heading-150-147 bde-heading\">\nTa\u010dne, profesionalne i pristupa\u010dne usluge\n<\/h3>\n<\/div><div class=\"bde-div-150-148 bde-div\" data-entrance=\"slideUp\">\n              \n  \n  \n\t\n\n  <div class=\"section-background-overlay\"><\/div>\n\n\n<div class=\"bde-code-block-150-149 bde-code-block\">\n\n  <svg width=\"58\" height=\"58\" viewbox=\"0 0 58 58\" fill=\"none\" xmlns=\"http:\/\/www.w3.org\/2000\/svg\">\n<path d=\"M40.928 13.6812C42.4082 16.4151 39.0052 18.4753 36.8982 19.4299C31.7371 21.7665 24.8738 21.6185 19.9362 18.7865C18.16 17.7684 15.8445 15.9378 17.1857 13.6812C13.6786 12.5545 11.9778 9.53062 15.8656 7.32844C21.5131 4.13088 35.7171 4.27739 41.5699 6.98859C45.926 9.00651 45.0575 12.2781 40.928 13.6812Z\" fill=\"#D7B65D\"\/>\n<path d=\"M30.4317 53.1199C30.3305 52.7438 29.9589 52.4175 30.1235 52.0067L38.7752 35.1006C43.4409 36.2606 47.599 38.0293 49.9931 42.4352C51.4944 45.1992 51.9219 49.1928 51.5594 52.2937C51.5186 52.6441 51.3962 52.8857 51.076 53.0534L30.4332 53.1199H30.4317ZM40.5545 40.4988C40.0772 40.6408 39.9141 41.3099 40.047 41.7525C40.1678 42.1588 42.4576 43.1345 43.0769 43.6964C43.6659 44.2311 44.4226 45.6644 45.338 44.4908C45.8439 43.8414 45.3833 43.3671 44.9422 42.849C44.2218 42.0017 41.6707 40.168 40.5545 40.5003V40.4988Z\" fill=\"#D7B65D\"\/>\n<path d=\"M27.4563 53.1197L7.03845 53.0533C6.71825 52.8856 6.5959 52.6425 6.55512 52.2936C6.19262 49.1927 6.62007 45.1991 8.12142 42.4351C10.458 38.1349 14.5165 36.2831 19.1082 35.2092L27.7659 52.1214L27.4563 53.1197ZM12.8113 44.6237C13.7039 45.5994 14.4969 44.1841 15.0346 43.6978C15.4726 43.3005 16.0783 42.9471 16.5949 42.6571C17.273 42.2765 18.3288 42.2659 18.0645 41.121C17.7156 39.6136 15.1917 41.1633 14.4803 41.6723C13.7689 42.1813 11.9231 43.6509 12.8098 44.6221L12.8113 44.6237Z\" fill=\"#D7B65D\"\/>\n<path d=\"M40.0231 19.8982C39.1969 25.523 36.5265 33.3741 29.7976 33.8106C21.9888 34.3166 19.0676 26.3175 18.0889 19.9571L21.2577 21.537C27.3145 23.8827 34.5252 23.419 40.0231 19.8997V19.8982Z\" fill=\"#D7B65D\"\/>\n<path d=\"M28.8322 50.0853L25.9126 44.2385C26.183 42.5348 26.2177 40.7812 26.4699 39.0774C26.5409 38.5986 26.5908 37.7633 27.053 37.502C27.5152 37.2407 29.8533 37.2347 30.459 37.3208C30.9589 37.3918 31.3441 37.706 31.5178 38.1832L32.1008 43.805C31.042 45.9015 30.1508 48.152 28.8307 50.0868L28.8322 50.0853Z\" fill=\"#D7B65D\"\/>\n<path d=\"M26.6815 35.5023L25.4913 36.2877C24.3192 37.5731 24.7149 39.4067 24.2527 40.9262L20.9253 34.3242L22.2001 33.2488C23.499 34.3287 25.0336 35.1141 26.6815 35.5023Z\" fill=\"#D7B65D\"\/>\n<path d=\"M33.6927 40.5879C33.5357 39.0548 33.6459 37.3631 32.504 36.179L31.4316 35.5008C33.1067 35.1473 34.5824 34.3317 35.8979 33.2578L36.919 34.1429L36.9552 34.3982L33.6927 40.5864V40.5879Z\" fill=\"#D7B65D\"\/>\n<\/svg>\n\n\n\n<\/div><h3 class=\"bde-heading-150-150 bde-heading\">\nObu\u010deni, iskusni, ljubazni i elegantno obu\u010deni voza\u010di\n<\/h3>\n<\/div><div class=\"bde-div-150-151 bde-div\" data-entrance=\"slideUp\">\n              \n  \n  \n\t\n\n  <div class=\"section-background-overlay\"><\/div>\n\n\n<div class=\"bde-code-block-150-152 bde-code-block\">\n\n  <svg width=\"58\" height=\"58\" viewbox=\"0 0 58 58\" fill=\"none\" xmlns=\"http:\/\/www.w3.org\/2000\/svg\">\n<path d=\"M34.8119 12.6739C34.9523 13.6406 35.5505 14.4758 36.5745 14.5846C39.7434 14.9244 43.5073 14.3384 46.7411 14.574C47.7833 14.3716 48.1745 13.5832 48.4645 12.6573C50.3314 12.84 52.6136 12.4262 54.4292 12.6724C55.2795 12.7887 56.074 13.6496 56.0831 14.5226V47.4331C56.0423 48.2185 55.5907 48.8529 54.8793 49.1701C46.1188 49.4238 37.2678 49.2834 28.4877 49.2411C27.6283 48.936 27.2114 48.3454 27.1299 47.4331L27.1616 14.216C27.3429 13.4231 27.8866 12.8733 28.6886 12.689L34.8119 12.6739ZM34.5611 24.9521L38.6045 18.8772C38.9776 17.7987 37.9127 17.0798 37.0352 17.7595L33.8029 22.7257C33.7093 22.7892 32.652 21.4857 32.2547 21.3935C31.3757 21.1896 30.6612 22.0581 31.1536 22.8345C31.3198 23.0958 33.0205 24.7935 33.2954 24.9868C33.7047 25.2738 34.179 25.3025 34.5611 24.9521ZM41.2342 19.4693C40.3022 19.9707 40.5122 21.2002 41.5574 21.3603C44.1145 21.7515 47.6006 21.0809 50.2589 21.3694C51.4884 21.2244 51.5473 19.6203 50.4764 19.4511L41.2357 19.4677L41.2342 19.4693ZM41.3474 23.3148C40.2871 23.6848 40.4548 25.0487 41.5604 25.2028C42.5407 25.3387 46.356 25.3569 47.3091 25.2073C48.3301 25.0457 48.528 23.5157 47.4223 23.2982L41.3474 23.3148ZM37.5049 27.1558C37.2436 27.2132 37.0881 27.4065 36.9234 27.5953C36.3963 28.1995 34.034 32.3259 33.7485 32.3335C33.1655 31.835 32.4677 30.6796 31.5735 31.0647C29.9362 31.7716 32.2562 33.7986 32.9556 34.374C33.4963 34.8196 33.9736 35.096 34.5974 34.5417L38.5788 28.574C38.9096 27.7765 38.4067 26.9594 37.5049 27.1573V27.1558ZM41.3474 29.08C40.3732 29.361 40.4291 30.811 41.4426 30.9726C44.2595 30.743 47.6187 31.3003 50.3707 30.9816C51.5548 30.8442 51.5186 29.1601 50.3571 29.068L41.3459 29.0815L41.3474 29.08ZM41.4637 32.9271C40.3823 33.1204 40.3642 34.6459 41.4426 34.8151C42.3519 34.9586 46.5085 34.9571 47.4223 34.8151C48.5083 34.6459 48.3467 33.0706 47.3091 32.9059C46.4406 32.7685 42.3156 32.7745 41.4637 32.9271ZM37.6182 36.7665C37.4098 36.7937 37.0639 37.0309 36.9204 37.2031L33.744 41.9458C33.4948 42.0062 32.6867 40.8205 32.368 40.7253C31.4044 40.4369 30.6552 41.2887 31.1567 42.1618C31.2775 42.3717 33.087 44.1676 33.312 44.302C33.8799 44.6419 34.2168 44.5482 34.6548 44.0951C35.2151 43.5166 38.1771 39.076 38.5018 38.3313C38.8266 37.5867 38.5109 36.6457 37.6182 36.765V36.7665ZM41.4622 38.6923C40.4457 38.9627 40.3324 40.1725 41.3263 40.5864L50.3707 40.5909C51.5579 40.4535 51.5443 38.8615 50.2453 38.6772L41.4622 38.6923ZM41.6918 42.5409C40.2554 42.7478 40.2554 44.3096 41.6918 44.5165C42.8035 44.6766 45.9467 44.669 47.0764 44.5331C48.5264 44.3579 48.5567 42.7538 47.1731 42.5409C46.1309 42.3808 42.7461 42.3883 41.6918 42.5409Z\" fill=\"#D7B65D\"\/>\n<path d=\"M25.212 27.1346V29.9047L25.0428 30.0739H14.7538C14.3475 30.0739 13.1286 30.823 12.8145 31.1312C11.8055 32.125 11.082 34.4465 12.4414 35.4374C12.5879 35.5446 13.2631 35.8391 13.396 35.8391H25.2104V38.6651H14.4125C14.1542 38.6651 13.7343 39.1032 13.6845 39.4067C13.6286 39.7557 13.834 40.5864 14.1859 40.5864H25.2089V43.5257H2.77019C2.56024 43.5257 1.95305 42.8671 2.0331 42.5665L2.06029 29.9259C2.12675 29.6313 2.34727 29.4758 2.56477 29.299C3.56013 28.4925 5.1068 27.9125 6.16258 27.1316H25.2135L25.212 27.1346ZM6.41784 29.0861C3.92717 29.444 3.7293 32.1628 3.97097 34.1883C4.37878 37.6033 9.36013 37.5353 9.72414 34.3136C9.99451 31.9302 9.65165 28.6209 6.41784 29.0861ZM5.84993 38.6938C4.72013 38.8992 4.7443 40.3417 5.50706 40.5652C5.78196 40.6453 7.85878 40.6347 8.17295 40.5652C8.94477 40.393 9.03993 39.0986 8.20467 38.7724C7.78326 38.6077 6.31967 38.6092 5.84993 38.6938Z\" fill=\"#D7B65D\"\/>\n<path d=\"M25.2118 15.6025V25.2133H7.23633L10.0412 16.7686C10.1046 16.4242 10.9837 15.6025 11.2495 15.6025H25.2118Z\" fill=\"#D7B65D\"\/>\n<path d=\"M46.4682 10.7406V12.6634H36.7456V10.7406C37.3694 10.7029 38.1458 10.8977 38.6593 10.4491C38.8617 10.2724 38.9705 9.92955 39.1728 9.7181C40.3631 8.46898 42.8552 8.47351 44.0424 9.7181C44.2433 9.92955 44.3536 10.2724 44.556 10.4491C45.0695 10.8977 45.8428 10.7029 46.4697 10.7406H46.4682Z\" fill=\"#D7B65D\"\/>\n<path d=\"M25.2117 31.9966V33.9193H13.6797C13.3942 33.3227 14.5013 31.9966 14.9801 31.9966H25.2117Z\" fill=\"#D7B65D\"\/>\n<path d=\"M9.72278 45.45V47.7684C9.72278 47.9769 9.0008 48.3439 8.75158 48.3802C7.96465 48.4919 5.96033 48.4708 5.14018 48.3953C4.67648 48.353 3.95752 48.1022 3.95752 47.5434V45.4515H9.72429L9.72278 45.45Z\" fill=\"#D7B65D\"\/>\n<path d=\"M4.97549 25.2118H2.77028C2.66153 25.2118 2.23409 24.8221 2.1631 24.6892C1.79304 23.9929 2.25523 23.354 2.98929 23.283C4.59336 23.1274 5.11898 23.5594 4.97549 25.2133V25.2118Z\" fill=\"#D7B65D\"\/>\n<path d=\"M6.64152 30.9982C7.19886 30.8834 7.73506 31.2399 7.80454 31.8244C7.85589 32.27 7.86798 33.7744 7.77886 34.1762C7.56136 35.1474 6.02074 35.0537 5.87876 33.8635C5.78662 33.0871 5.66579 31.1976 6.64303 30.9967L6.64152 30.9982Z\" fill=\"#D7B65D\"\/>\n<\/svg>\n\n\n\n<\/div><h3 class=\"bde-heading-150-153 bde-heading\">\nMeet &amp; greet usluga\n<\/h3>\n<\/div><div class=\"bde-div-150-154 bde-div\" data-entrance=\"slideUp\">\n              \n  \n  \n\t\n\n  <div class=\"section-background-overlay\"><\/div>\n\n\n<div class=\"bde-code-block-150-155 bde-code-block\">\n\n  <svg width=\"72\" height=\"72\" viewbox=\"0 0 72 72\" fill=\"none\" xmlns=\"http:\/\/www.w3.org\/2000\/svg\">\n<path d=\"M68.6326 44.7713V41.6138C68.6326 40.5694 67.29 38.0344 66.6001 37.1907C60.3563 29.5669 48.06 35.6494 50.2482 45.1932H24.0019C25.7457 37.7419 18.4013 31.6125 11.2744 34.5019C7.59942 35.9907 5.01567 40.2507 5.75442 44.2107C4.67067 44.1263 3.51192 43.7307 2.81067 42.8738C0.851296 40.4813 1.84692 32.8088 4.4438 31.0407C5.89317 30.0544 8.69442 29.7919 10.3425 29.0794C11.0738 28.7625 11.9213 27.9 12.6432 27.45C19.74 23.04 28.5113 22.3032 36.6994 22.8788C38.625 23.0138 41.4057 23.2088 43.1307 24.0263C46.1025 25.4344 49.1138 27.9882 52.0707 29.5425C56.8425 30.3319 62.1882 30.3807 66.8063 31.9294C70.9913 33.3319 70.7532 37.8788 70.4588 41.6194C70.3632 42.84 69.8063 44.2294 68.6288 44.7732L68.6326 44.7713ZM23.9307 31.7194H32.5632L30.8588 25.4232C27.165 25.4213 23.4807 25.95 19.9313 26.9475C19.8319 27.0544 20.3869 27.7144 20.4957 27.855C21.2194 28.7888 22.4307 30.3657 23.2257 31.1607C23.3794 31.3125 23.7488 31.68 23.9307 31.7194ZM48.8419 31.0163C48.9113 30.915 47.9794 30.3432 47.8482 30.2588C46.1232 29.1563 41.7188 26.1807 39.9282 25.9669L33.9657 25.545L35.7375 31.7025L47.9644 31.6144L48.8419 31.0163Z\" fill=\"#D7B65D\"\/>\n<path d=\"M58.7758 36.5305C67.3089 35.5893 68.4996 48.4837 60.4071 49.3893C51.5702 50.3793 50.4283 37.4512 58.7758 36.5305Z\" fill=\"#D7B65D\"\/>\n<path d=\"M14.1449 36.5307C22.813 35.5276 23.9493 48.5363 15.7724 49.3857C7.01426 50.297 5.93238 37.4813 14.1449 36.5307Z\" fill=\"#D7B65D\"\/>\n<\/svg>\n\n\n\n<\/div><h3 class=\"bde-heading-150-156 bde-heading\">\nNova flota Audi A6, \u0160koda Superb i \u0160koda Kodiaq vozila\n<\/h3>\n<\/div><div class=\"bde-div-150-157 bde-div\" data-entrance=\"slideUp\">\n              \n  \n  \n\t\n\n  <div class=\"section-background-overlay\"><\/div>\n\n\n<div class=\"bde-code-block-150-158 bde-code-block\">\n\n  <svg width=\"54\" height=\"54\" viewbox=\"0 0 54 54\" fill=\"none\" xmlns=\"http:\/\/www.w3.org\/2000\/svg\">\n<path d=\"M53.972 19.9996C54.01 20.2991 54.0072 20.9614 53.972 21.2624C53.6626 23.8808 51.0653 25.9297 48.4609 25.671C46.2489 25.4516 45.2476 23.916 43.7106 22.6335C34.2522 14.7402 20.5482 14.563 10.8915 22.213C9.41637 23.3816 8.21262 25.0649 6.31278 25.5261C2.35137 26.4866 -0.957533 22.6096 0.444498 18.8127C1.01544 17.2658 3.43278 15.3111 4.74481 14.2733C18.2687 3.57598 37.5836 4.05129 50.6068 15.314C52.0243 16.5402 53.7245 18.0238 53.972 19.9996Z\" fill=\"#D7B65D\"\/>\n<path d=\"M26.1758 22.0303C31.4226 21.7729 38.1585 24.1424 41.6657 28.1545C45.8422 32.9315 39.6055 39.3342 34.7736 35.4712C31.7966 33.0904 30.2005 31.7995 26.0352 32.1004C22.76 32.3381 21.524 33.7626 19.1826 35.5598C14.2776 39.3243 7.63021 32.5645 13.1497 27.419C16.6161 24.186 21.4438 22.2623 26.1758 22.0303Z\" fill=\"#D7B65D\"\/>\n<path d=\"M26.8103 37.5018C32.9022 37.2275 33.9976 46.2064 28.1181 47.4468C21.025 48.943 19.6961 37.8224 26.8103 37.5018Z\" fill=\"#D7B65D\"\/>\n<\/svg>\n\n\n\n<\/div><h3 class=\"bde-heading-150-159 bde-heading\">\nDostupan Wi-Fi u svim na\u0161im vozilima\n<\/h3>\n<\/div><div class=\"bde-div-150-160 bde-div\" data-entrance=\"slideUp\">\n              \n  \n  \n\t\n\n  <div class=\"section-background-overlay\"><\/div>\n\n\n<div class=\"bde-code-block-150-161 bde-code-block\">\n\n  <svg width=\"58\" height=\"58\" viewbox=\"0 0 58 58\" fill=\"none\" xmlns=\"http:\/\/www.w3.org\/2000\/svg\">\n<path d=\"M39.3458 0C42.1512 0.522041 44.3288 2.6015 44.6582 5.48267L44.6657 52.1581C44.4544 55.1859 42.1263 57.468 39.1631 57.8459C32.5829 57.5463 25.5789 58.2908 19.0471 57.8645C15.8465 57.6557 13.4414 55.3401 13.1133 52.1569L13.1195 5.59578C13.3432 2.9023 15.7322 0.323168 18.4319 0H39.3483L39.3458 0ZM24.5012 5.33476C23.1775 5.91771 23.4422 7.63423 24.8269 7.90022C27.3377 7.67276 30.5171 8.24576 32.9471 7.90022C34.4474 7.68767 34.6052 5.73748 33.1771 5.31736L24.5012 5.33476ZM28.3482 47.3777C27.1226 47.5853 26.1444 48.9761 26.2538 50.1992C26.4663 52.5981 29.6732 53.462 31.028 51.5242C32.3828 49.5864 30.7347 46.9725 28.3482 47.3777Z\" fill=\"#D7B65D\"\/>\n<\/svg>\n\n\n\n<\/div><h3 class=\"bde-heading-150-162 bde-heading\">\nJednostavan proces rezervacije i udoban transfer\n<\/h3>\n<\/div>\n<\/div>\n<\/div><\/div><\/div>\n<\/section><section class=\"bde-section-150-168 bde-section\">\n  \n  \n\t\n\n\n\n<div class=\"section-container\"><h1 class=\"bde-dual-heading-150-170 bde-dual-heading\" data-entrance=\"slideUp\">\n\n\n            <span data-style=\"secondary\" class=\"dual-heading--secondary\">Na\u0161a misija<\/span>\n\n\n\n<\/h1><div class=\"bde-text-150-171 bde-text\" data-entrance=\"slideUp\">\nUspeh na\u0161e usluge privatnog \u0161ofera ogleda se u zadovoljstvu na\u0161ih klijenata. Specijalizovani smo za aerodromske transfere, lokalna putovanja, korporativna putovanja i obilaske. Pru\u017eamo personalizovane cene na osnovu va\u0161ih zahteva za koje c\u0301ete dobiti laku, brzu i potpunu pomoc\u0301. Odabirom na\u0161e kompanije, signurno smo da c\u0301ete imati koristi od svake od na\u0161ih prednosti.\n<\/div><\/div>\n<\/section><section class=\"bde-section-150-163 bde-section\">\n  \n  \n\t\n\n\n\n<div class=\"section-container\"><div class=\"bde-div-150-164 bde-div\">\n  \n  \n\t\n\n\n\n<h2 class=\"bde-dual-heading-150-165 bde-dual-heading\" data-entrance=\"slideUp\">\n\n\n            <span data-style=\"primary\" class=\"dual-heading--primary\">Spremni da<\/span>\n\n            <span data-style=\"secondary\" class=\"dual-heading--secondary\">se vozite sa stilom?<\/span>\n\n\n\n<\/h2><div class=\"bde-text-150-166 bde-text\" data-entrance=\"slideUp\">\nBilo da je u pitanju poslovno putovanje, poseban doga\u0111aj ili transfer do aerodroma \u2013 tu smo da va\u0161e putovanje u\u010dinimo glatkim, ta\u010dnim i luksuznim. Iskusite udobnost i eleganciju koju zaslu\u017eujete.\n<\/div><div class=\"bde-button-150-167 bde-button\" data-entrance=\"slideUp\">\n    \n                                    \n    \n    \n    \n    \n            \n                    \n            \n            \n\n    \n    \n    \n    \n    \n    <a class=\"breakdance-link button-atom button-atom--secondary bde-button__button\" href=\"https:\/\/limopartner.rs\/sr\/contact\/\" target=\"_self\" data-type=\"url\"  >\n\n    \n        <span class=\"button-atom__text\">Kontaktirajte nas<\/span>\n\n        \n        \n                <\/a>\n\n    \n\n\n<\/div>\n<\/div><\/div>\n<\/section>","protected":false},"excerpt":{"rendered":"<p>We are here for you Limo Partner Limo Partner at your service We have been established in Belgrade, the capital of the Republic of Serbia in 2.000 by a team of professional chauffeurs who shared one basic ideal, professional customer service. Limo Partner is a licensed transportation company. Our vehicles are upper business class aged [&hellip;]<\/p>","protected":false},"author":1,"featured_media":0,"parent":0,"menu_order":0,"comment_status":"closed","ping_status":"closed","template":"","meta":{"_acf_changed":false,"_breakdance_hide_in_design_set":false,"_breakdance_tags":"","footnotes":""},"class_list":["post-150","page","type-page","status-publish","hentry"],"acf":[],"_links":{"self":[{"href":"https:\/\/limopartner.rs\/sr\/wp-json\/wp\/v2\/pages\/150","targetHints":{"allow":["GET"]}}],"collection":[{"href":"https:\/\/limopartner.rs\/sr\/wp-json\/wp\/v2\/pages"}],"about":[{"href":"https:\/\/limopartner.rs\/sr\/wp-json\/wp\/v2\/types\/page"}],"author":[{"embeddable":true,"href":"https:\/\/limopartner.rs\/sr\/wp-json\/wp\/v2\/users\/1"}],"replies":[{"embeddable":true,"href":"https:\/\/limopartner.rs\/sr\/wp-json\/wp\/v2\/comments?post=150"}],"version-history":[{"count":16,"href":"https:\/\/limopartner.rs\/sr\/wp-json\/wp\/v2\/pages\/150\/revisions"}],"predecessor-version":[{"id":319,"href":"https:\/\/limopartner.rs\/sr\/wp-json\/wp\/v2\/pages\/150\/revisions\/319"}],"wp:attachment":[{"href":"https:\/\/limopartner.rs\/sr\/wp-json\/wp\/v2\/media?parent=150"}],"curies":[{"name":"wp","href":"https:\/\/api.w.org\/{rel}","templated":true}]}}